{"id":5744,"date":"2025-11-13T19:56:05","date_gmt":"2025-11-13T19:56:05","guid":{"rendered":"https:\/\/paginaswebneurona.com\/tienda\/?post_type=product&#038;p=5744"},"modified":"2026-02-01T16:13:35","modified_gmt":"2026-02-01T16:13:35","slug":"caja-fuerte-biometrica-adir","status":"publish","type":"product","link":"https:\/\/paginaswebneurona.com\/tienda\/product\/caja-fuerte-biometrica-adir\/","title":{"rendered":"Caja fuerte biom\u00e9trica Adir"},"content":{"rendered":"<p>Alarma: se activa al ingresar 3 veces la combinaci\u00f3n equivocada o 5 huellas no identificadas.<br \/>\nProgramaci\u00f3n de 4 a 8 d\u00edgitos.<br \/>\nPrograma hasta 30 huellas digitales<br \/>\n3 modos de apertura:<br \/>\n\u2022 C\u00f3digo num\u00e9rico<br \/>\n\u2022 Huella digital<br \/>\n\u2022 Llave.<\/p>\n","protected":false},"excerpt":{"rendered":"<p>Alarma: se activa al ingresar 3 veces la combinaci\u00f3n equivocada o 5 huellas no identificadas. Programaci\u00f3n de 4 a 8 d\u00edgitos. Programa hasta 30 huellas digitales 3 modos de apertura: \u2022 C\u00f3digo num\u00e9rico \u2022 Huella digital \u2022 Llave.<\/p>\n","protected":false},"featured_media":6025,"comment_status":"open","ping_status":"closed","template":"","meta":{"_joinchat":[]},"product_brand":[479],"product_cat":[481],"product_tag":[],"class_list":{"0":"post-5744","1":"product","2":"type-product","3":"status-publish","4":"has-post-thumbnail","6":"product_brand-ecomm","7":"product_cat-hogar","9":"first","10":"instock","11":"shipping-taxable","12":"purchasable","13":"product-type-simple"},"_links":{"self":[{"href":"https:\/\/paginaswebneurona.com\/tienda\/wp-json\/wp\/v2\/product\/5744","targetHints":{"allow":["GET"]}}],"collection":[{"href":"https:\/\/paginaswebneurona.com\/tienda\/wp-json\/wp\/v2\/product"}],"about":[{"href":"https:\/\/paginaswebneurona.com\/tienda\/wp-json\/wp\/v2\/types\/product"}],"replies":[{"embeddable":true,"href":"https:\/\/paginaswebneurona.com\/tienda\/wp-json\/wp\/v2\/comments?post=5744"}],"version-history":[{"count":1,"href":"https:\/\/paginaswebneurona.com\/tienda\/wp-json\/wp\/v2\/product\/5744\/revisions"}],"predecessor-version":[{"id":5745,"href":"https:\/\/paginaswebneurona.com\/tienda\/wp-json\/wp\/v2\/product\/5744\/revisions\/5745"}],"wp:featuredmedia":[{"embeddable":true,"href":"https:\/\/paginaswebneurona.com\/tienda\/wp-json\/wp\/v2\/media\/6025"}],"wp:attachment":[{"href":"https:\/\/paginaswebneurona.com\/tienda\/wp-json\/wp\/v2\/media?parent=5744"}],"wp:term":[{"taxonomy":"product_brand","embeddable":true,"href":"https:\/\/paginaswebneurona.com\/tienda\/wp-json\/wp\/v2\/product_brand?post=5744"},{"taxonomy":"product_cat","embeddable":true,"href":"https:\/\/paginaswebneurona.com\/tienda\/wp-json\/wp\/v2\/product_cat?post=5744"},{"taxonomy":"product_tag","embeddable":true,"href":"https:\/\/paginaswebneurona.com\/tienda\/wp-json\/wp\/v2\/product_tag?post=5744"}],"curies":[{"name":"wp","href":"https:\/\/api.w.org\/{rel}","templated":true}]}}