{"id":5764,"date":"2025-11-14T00:29:33","date_gmt":"2025-11-14T00:29:33","guid":{"rendered":"https:\/\/paginaswebneurona.com\/tienda\/?post_type=product&#038;p=5764"},"modified":"2026-02-01T16:43:43","modified_gmt":"2026-02-01T16:43:43","slug":"aspiradora-12v-para-coche","status":"publish","type":"product","link":"https:\/\/paginaswebneurona.com\/tienda\/product\/aspiradora-12v-para-coche\/","title":{"rendered":"Aspiradora 12V para coche"},"content":{"rendered":"<p>Voltaje de 12v, potencia de 12w, Tiempo de operaci\u00f3n 10 minutos. Contiene: Cable de alimentaci\u00f3n de 3 metros, tanque de polipropileno de 3.80 litros. se conecta directamente al encendedor del auto. Ideal para s\u00f3lidos y l\u00edquidos. Ligera y compacta. Limpieza r\u00e1pida y profunda. Filtro lavable. Se puede usar en inflables. Incluye: 1 manguera, 1 cepillo para polvo, 1 Herramienta para hendiduras y 1 boquilla para superficies de dif\u00edcil acceso.<\/p>\n","protected":false},"excerpt":{"rendered":"<p>Voltaje de 12v, potencia de 12w, Tiempo de operaci\u00f3n 10 minutos. Contiene: Cable de alimentaci\u00f3n de 3 metros, tanque de polipropileno de 3.80 litros. se conecta directamente al encendedor del auto. Ideal para s\u00f3lidos y l\u00edquidos. Ligera y compacta. Limpieza r\u00e1pida y profunda. Filtro lavable. Se puede usar en inflables. Incluye: 1 manguera, 1 cepillo<\/p>\n<div class=\"klb-readmore entry-button\"><a class=\"button\" href=\"https:\/\/paginaswebneurona.com\/tienda\/product\/aspiradora-12v-para-coche\/\">Read More<\/a><\/div>\n","protected":false},"featured_media":6016,"comment_status":"open","ping_status":"closed","template":"","meta":{"_joinchat":[]},"product_brand":[479],"product_cat":[481],"product_tag":[],"class_list":{"0":"post-5764","1":"product","2":"type-product","3":"status-publish","4":"has-post-thumbnail","6":"product_brand-ecomm","7":"product_cat-hogar","9":"first","10":"instock","11":"shipping-taxable","12":"purchasable","13":"product-type-simple"},"_links":{"self":[{"href":"https:\/\/paginaswebneurona.com\/tienda\/wp-json\/wp\/v2\/product\/5764","targetHints":{"allow":["GET"]}}],"collection":[{"href":"https:\/\/paginaswebneurona.com\/tienda\/wp-json\/wp\/v2\/product"}],"about":[{"href":"https:\/\/paginaswebneurona.com\/tienda\/wp-json\/wp\/v2\/types\/product"}],"replies":[{"embeddable":true,"href":"https:\/\/paginaswebneurona.com\/tienda\/wp-json\/wp\/v2\/comments?post=5764"}],"version-history":[{"count":2,"href":"https:\/\/paginaswebneurona.com\/tienda\/wp-json\/wp\/v2\/product\/5764\/revisions"}],"predecessor-version":[{"id":6514,"href":"https:\/\/paginaswebneurona.com\/tienda\/wp-json\/wp\/v2\/product\/5764\/revisions\/6514"}],"wp:featuredmedia":[{"embeddable":true,"href":"https:\/\/paginaswebneurona.com\/tienda\/wp-json\/wp\/v2\/media\/6016"}],"wp:attachment":[{"href":"https:\/\/paginaswebneurona.com\/tienda\/wp-json\/wp\/v2\/media?parent=5764"}],"wp:term":[{"taxonomy":"product_brand","embeddable":true,"href":"https:\/\/paginaswebneurona.com\/tienda\/wp-json\/wp\/v2\/product_brand?post=5764"},{"taxonomy":"product_cat","embeddable":true,"href":"https:\/\/paginaswebneurona.com\/tienda\/wp-json\/wp\/v2\/product_cat?post=5764"},{"taxonomy":"product_tag","embeddable":true,"href":"https:\/\/paginaswebneurona.com\/tienda\/wp-json\/wp\/v2\/product_tag?post=5764"}],"curies":[{"name":"wp","href":"https:\/\/api.w.org\/{rel}","templated":true}]}}