{"id":5766,"date":"2025-11-14T00:30:36","date_gmt":"2025-11-14T00:30:36","guid":{"rendered":"https:\/\/paginaswebneurona.com\/tienda\/?post_type=product&#038;p=5766"},"modified":"2026-02-01T16:44:26","modified_gmt":"2026-02-01T16:44:26","slug":"aspiradora-seco-mojado","status":"publish","type":"product","link":"https:\/\/paginaswebneurona.com\/tienda\/product\/aspiradora-seco-mojado\/","title":{"rendered":"Aspiradora seco-mojado"},"content":{"rendered":"<p>Aspiradora seco &#8211; mojado de 2.5 galones WD-2.5 MA Koblenz, Motor de 2.5 HP Pico,Tanque con capacidad de 2.5 Galones, Aspira s\u00f3lidos y l\u00edquidos, Potencia CFM (pies c\u00fabicos por minuto), Di\u00e1metro de manguera: 1 &#8211; 1\/4&#8243;, Longitud de manguera: 1.2 metros, Longitud de cable: 3 metros. Incluye: Accesorio esquinero, Boquilla multiusos, Filtro desmontable con sujetador, Soporte de pared.<\/p>\n","protected":false},"excerpt":{"rendered":"<p>Aspiradora seco &#8211; mojado de 2.5 galones WD-2.5 MA Koblenz, Motor de 2.5 HP Pico,Tanque con capacidad de 2.5 Galones, Aspira s\u00f3lidos y l\u00edquidos, Potencia CFM (pies c\u00fabicos por minuto), Di\u00e1metro de manguera: 1 &#8211; 1\/4&#8243;, Longitud de manguera: 1.2 metros, Longitud de cable: 3 metros. Incluye: Accesorio esquinero, Boquilla multiusos, Filtro desmontable con sujetador,<\/p>\n<div class=\"klb-readmore entry-button\"><a class=\"button\" href=\"https:\/\/paginaswebneurona.com\/tienda\/product\/aspiradora-seco-mojado\/\">Read More<\/a><\/div>\n","protected":false},"featured_media":6380,"comment_status":"open","ping_status":"closed","template":"","meta":{"_joinchat":[]},"product_brand":[479],"product_cat":[481],"product_tag":[],"class_list":{"0":"post-5766","1":"product","2":"type-product","3":"status-publish","4":"has-post-thumbnail","6":"product_brand-ecomm","7":"product_cat-hogar","9":"first","10":"instock","11":"shipping-taxable","12":"purchasable","13":"product-type-simple"},"_links":{"self":[{"href":"https:\/\/paginaswebneurona.com\/tienda\/wp-json\/wp\/v2\/product\/5766","targetHints":{"allow":["GET"]}}],"collection":[{"href":"https:\/\/paginaswebneurona.com\/tienda\/wp-json\/wp\/v2\/product"}],"about":[{"href":"https:\/\/paginaswebneurona.com\/tienda\/wp-json\/wp\/v2\/types\/product"}],"replies":[{"embeddable":true,"href":"https:\/\/paginaswebneurona.com\/tienda\/wp-json\/wp\/v2\/comments?post=5766"}],"version-history":[{"count":1,"href":"https:\/\/paginaswebneurona.com\/tienda\/wp-json\/wp\/v2\/product\/5766\/revisions"}],"predecessor-version":[{"id":5767,"href":"https:\/\/paginaswebneurona.com\/tienda\/wp-json\/wp\/v2\/product\/5766\/revisions\/5767"}],"wp:featuredmedia":[{"embeddable":true,"href":"https:\/\/paginaswebneurona.com\/tienda\/wp-json\/wp\/v2\/media\/6380"}],"wp:attachment":[{"href":"https:\/\/paginaswebneurona.com\/tienda\/wp-json\/wp\/v2\/media?parent=5766"}],"wp:term":[{"taxonomy":"product_brand","embeddable":true,"href":"https:\/\/paginaswebneurona.com\/tienda\/wp-json\/wp\/v2\/product_brand?post=5766"},{"taxonomy":"product_cat","embeddable":true,"href":"https:\/\/paginaswebneurona.com\/tienda\/wp-json\/wp\/v2\/product_cat?post=5766"},{"taxonomy":"product_tag","embeddable":true,"href":"https:\/\/paginaswebneurona.com\/tienda\/wp-json\/wp\/v2\/product_tag?post=5766"}],"curies":[{"name":"wp","href":"https:\/\/api.w.org\/{rel}","templated":true}]}}