{"id":5907,"date":"2025-11-14T05:18:55","date_gmt":"2025-11-14T05:18:55","guid":{"rendered":"https:\/\/paginaswebneurona.com\/tienda\/?post_type=product&#038;p=5907"},"modified":"2026-02-01T18:54:59","modified_gmt":"2026-02-01T18:54:59","slug":"kit-de-herramientas-rotomartillo-sds-plus","status":"publish","type":"product","link":"https:\/\/paginaswebneurona.com\/tienda\/product\/kit-de-herramientas-rotomartillo-sds-plus\/","title":{"rendered":"KIT DE HERRAMIENTAS ROTOMARTILLO SDS-PLUS"},"content":{"rendered":"<p><span data-sheets-root=\"1\">Rotomartillo: Potente y vers\u00e1til, ideal para perforar materiales duros como concreto, ladrillo y piedra. Equipado con tecnolog\u00eda de impacto para un rendimiento superior, Taladro SDS: Herramienta ideal para trabajos de perforaci\u00f3n m\u00e1s exigentes, con sistema de cambio r\u00e1pido de brocas y capacidad para perforar materiales como concreto y metal con facilidad. Esmeriladora: Con potente motor y dise\u00f1o ergon\u00f3mico, perfecta para cortar, desbastar y pulir materiales met\u00e1licos y otros materiales duros., Malet\u00edn de almacenamiento: Incluye un pr\u00e1ctico malet\u00edn para mantener las herramientas organizadas, seguras y f\u00e1ciles de transportar.<\/span><\/p>\n","protected":false},"excerpt":{"rendered":"<p>Rotomartillo: Potente y vers\u00e1til, ideal para perforar materiales duros como concreto, ladrillo y piedra. Equipado con tecnolog\u00eda de impacto para un rendimiento superior, Taladro SDS: Herramienta ideal para trabajos de perforaci\u00f3n m\u00e1s exigentes, con sistema de cambio r\u00e1pido de brocas y capacidad para perforar materiales como concreto y metal con facilidad. Esmeriladora: Con potente motor<\/p>\n<div class=\"klb-readmore entry-button\"><a class=\"button\" href=\"https:\/\/paginaswebneurona.com\/tienda\/product\/kit-de-herramientas-rotomartillo-sds-plus\/\">Read More<\/a><\/div>\n","protected":false},"featured_media":6099,"comment_status":"open","ping_status":"closed","template":"","meta":{"_joinchat":[]},"product_brand":[483],"product_cat":[482],"product_tag":[],"class_list":{"0":"post-5907","1":"product","2":"type-product","3":"status-publish","4":"has-post-thumbnail","6":"product_brand-kong","7":"product_cat-herramienta","9":"first","10":"instock","11":"shipping-taxable","12":"purchasable","13":"product-type-simple"},"_links":{"self":[{"href":"https:\/\/paginaswebneurona.com\/tienda\/wp-json\/wp\/v2\/product\/5907","targetHints":{"allow":["GET"]}}],"collection":[{"href":"https:\/\/paginaswebneurona.com\/tienda\/wp-json\/wp\/v2\/product"}],"about":[{"href":"https:\/\/paginaswebneurona.com\/tienda\/wp-json\/wp\/v2\/types\/product"}],"replies":[{"embeddable":true,"href":"https:\/\/paginaswebneurona.com\/tienda\/wp-json\/wp\/v2\/comments?post=5907"}],"version-history":[{"count":4,"href":"https:\/\/paginaswebneurona.com\/tienda\/wp-json\/wp\/v2\/product\/5907\/revisions"}],"predecessor-version":[{"id":6529,"href":"https:\/\/paginaswebneurona.com\/tienda\/wp-json\/wp\/v2\/product\/5907\/revisions\/6529"}],"wp:featuredmedia":[{"embeddable":true,"href":"https:\/\/paginaswebneurona.com\/tienda\/wp-json\/wp\/v2\/media\/6099"}],"wp:attachment":[{"href":"https:\/\/paginaswebneurona.com\/tienda\/wp-json\/wp\/v2\/media?parent=5907"}],"wp:term":[{"taxonomy":"product_brand","embeddable":true,"href":"https:\/\/paginaswebneurona.com\/tienda\/wp-json\/wp\/v2\/product_brand?post=5907"},{"taxonomy":"product_cat","embeddable":true,"href":"https:\/\/paginaswebneurona.com\/tienda\/wp-json\/wp\/v2\/product_cat?post=5907"},{"taxonomy":"product_tag","embeddable":true,"href":"https:\/\/paginaswebneurona.com\/tienda\/wp-json\/wp\/v2\/product_tag?post=5907"}],"curies":[{"name":"wp","href":"https:\/\/api.w.org\/{rel}","templated":true}]}}